{"id":127,"date":"2025-09-08T14:45:09","date_gmt":"2025-09-08T14:45:09","guid":{"rendered":"https:\/\/fmd.techrock.com.br\/betmix\/?page_id=127"},"modified":"2025-09-10T15:22:55","modified_gmt":"2025-09-10T15:22:55","slug":"blog","status":"publish","type":"page","link":"https:\/\/fmd.techrock.com.br\/betmix\/blog\/","title":{"rendered":"Blog"},"content":{"rendered":"\t\t<div data-elementor-type=\"wp-page\" data-elementor-id=\"127\" class=\"elementor elementor-127\" data-elementor-post-type=\"page\">\n\t\t\t\t<div class=\"elementor-element elementor-element-3d56c0a e-flex e-con-boxed e-con e-parent\" data-id=\"3d56c0a\" data-element_type=\"container\" data-settings=\"{&quot;background_background&quot;:&quot;classic&quot;}\">\n\t\t\t\t\t<div class=\"e-con-inner\">\n\t\t\t\t<div class=\"elementor-element elementor-element-e72bef0 elementor-widget elementor-widget-heading\" data-id=\"e72bef0\" data-element_type=\"widget\" data-widget_type=\"heading.default\">\n\t\t\t\t\t<h2 class=\"elementor-heading-title elementor-size-default\">Blog<\/h2>\t\t\t\t<\/div>\n\t\t\t\t\t<\/div>\n\t\t\t\t<\/div>\n\t\t<div class=\"elementor-element elementor-element-b95260c e-flex e-con-boxed e-con e-parent\" data-id=\"b95260c\" data-element_type=\"container\">\n\t\t\t\t\t<div class=\"e-con-inner\">\n\t\t\t\t<div class=\"elementor-element elementor-element-ec02cf5 elementor-grid-3 elementor-grid-tablet-2 elementor-grid-mobile-1 elementor-posts--thumbnail-top elementor-card-shadow-yes elementor-posts__hover-gradient elementor-widget elementor-widget-posts\" data-id=\"ec02cf5\" data-element_type=\"widget\" data-settings=\"{&quot;pagination_type&quot;:&quot;numbers&quot;,&quot;cards_columns&quot;:&quot;3&quot;,&quot;cards_columns_tablet&quot;:&quot;2&quot;,&quot;cards_columns_mobile&quot;:&quot;1&quot;,&quot;cards_row_gap&quot;:{&quot;unit&quot;:&quot;px&quot;,&quot;size&quot;:35,&quot;sizes&quot;:[]},&quot;cards_row_gap_tablet&quot;:{&quot;unit&quot;:&quot;px&quot;,&quot;size&quot;:&quot;&quot;,&quot;sizes&quot;:[]},&quot;cards_row_gap_mobile&quot;:{&quot;unit&quot;:&quot;px&quot;,&quot;size&quot;:&quot;&quot;,&quot;sizes&quot;:[]}}\" data-widget_type=\"posts.cards\">\n\t\t\t\t<div class=\"elementor-widget-container\">\n\t\t\t\t\t\t\t<div class=\"elementor-posts-container elementor-posts elementor-posts--skin-cards elementor-grid\" role=\"list\">\n\t\t\t\t<article class=\"elementor-post elementor-grid-item post-390 post type-post status-publish format-standard has-post-thumbnail hentry category-blog\" role=\"listitem\">\n\t\t\t<div class=\"elementor-post__card\">\n\t\t\t\t<a class=\"elementor-post__thumbnail__link\" href=\"https:\/\/fmd.techrock.com.br\/betmix\/concreto-usinado-o-pilar-da-construcao-moderna-e-eficiente\/\" tabindex=\"-1\" ><div class=\"elementor-post__thumbnail\"><img decoding=\"async\" width=\"300\" height=\"163\" src=\"https:\/\/fmd.techrock.com.br\/betmix\/wp-content\/uploads\/2025\/09\/imagem_2025-09-10_120656439-300x163.png\" class=\"attachment-medium size-medium wp-image-404\" alt=\"\" srcset=\"https:\/\/fmd.techrock.com.br\/betmix\/wp-content\/uploads\/2025\/09\/imagem_2025-09-10_120656439-300x163.png 300w, https:\/\/fmd.techrock.com.br\/betmix\/wp-content\/uploads\/2025\/09\/imagem_2025-09-10_120656439-768x417.png 768w, https:\/\/fmd.techrock.com.br\/betmix\/wp-content\/uploads\/2025\/09\/imagem_2025-09-10_120656439.png 967w\" sizes=\"(max-width: 300px) 100vw, 300px\" \/><\/div><\/a>\n\t\t\t\t<div class=\"elementor-post__text\">\n\t\t\t\t<h3 class=\"elementor-post__title\">\n\t\t\t<a href=\"https:\/\/fmd.techrock.com.br\/betmix\/concreto-usinado-o-pilar-da-construcao-moderna-e-eficiente\/\" >\n\t\t\t\tConcreto Usinado: O Pilar da Constru\u00e7\u00e3o Moderna e Eficiente\t\t\t<\/a>\n\t\t<\/h3>\n\t\t\t\t<div class=\"elementor-post__excerpt\">\n\t\t\t<p>O concreto usinado revolucionou a constru\u00e7\u00e3o civil, trazendo mais qualidade, seguran\u00e7a e efici\u00eancia para obras de todos os portes. Mas voc\u00ea sabe por que esse<\/p>\n\t\t<\/div>\n\t\t\n\t\t<a class=\"elementor-post__read-more\" href=\"https:\/\/fmd.techrock.com.br\/betmix\/concreto-usinado-o-pilar-da-construcao-moderna-e-eficiente\/\" aria-label=\"Read more about Concreto Usinado: O Pilar da Constru\u00e7\u00e3o Moderna e Eficiente\" tabindex=\"-1\" >\n\t\t\tLer Mais \u00bb\t\t<\/a>\n\n\t\t\t\t<\/div>\n\t\t\t\t\t<\/div>\n\t\t<\/article>\n\t\t\t\t<article class=\"elementor-post elementor-grid-item post-388 post type-post status-publish format-standard has-post-thumbnail hentry category-blog\" role=\"listitem\">\n\t\t\t<div class=\"elementor-post__card\">\n\t\t\t\t<a class=\"elementor-post__thumbnail__link\" href=\"https:\/\/fmd.techrock.com.br\/betmix\/o-concreto-que-constroi-confianca-casos-de-sucesso-da-betmix\/\" tabindex=\"-1\" ><div class=\"elementor-post__thumbnail\"><img fetchpriority=\"high\" decoding=\"async\" width=\"300\" height=\"199\" src=\"https:\/\/fmd.techrock.com.br\/betmix\/wp-content\/uploads\/2025\/09\/imagem_2025-09-10_120955221-300x199.png\" class=\"attachment-medium size-medium wp-image-412\" alt=\"\" srcset=\"https:\/\/fmd.techrock.com.br\/betmix\/wp-content\/uploads\/2025\/09\/imagem_2025-09-10_120955221-300x199.png 300w, https:\/\/fmd.techrock.com.br\/betmix\/wp-content\/uploads\/2025\/09\/imagem_2025-09-10_120955221.png 759w\" sizes=\"(max-width: 300px) 100vw, 300px\" \/><\/div><\/a>\n\t\t\t\t<div class=\"elementor-post__text\">\n\t\t\t\t<h3 class=\"elementor-post__title\">\n\t\t\t<a href=\"https:\/\/fmd.techrock.com.br\/betmix\/o-concreto-que-constroi-confianca-casos-de-sucesso-da-betmix\/\" >\n\t\t\t\tO Concreto que Constr\u00f3i Confian\u00e7a: Casos de Sucesso da Betmix\t\t\t<\/a>\n\t\t<\/h3>\n\t\t\t\t<div class=\"elementor-post__excerpt\">\n\t\t\t<p>Na Betmix Concreto, temos orgulho de fazer parte de projetos que transformam paisagens e realizam sonhos. Cada obra de sucesso \u00e9 reflexo do nosso compromisso<\/p>\n\t\t<\/div>\n\t\t\n\t\t<a class=\"elementor-post__read-more\" href=\"https:\/\/fmd.techrock.com.br\/betmix\/o-concreto-que-constroi-confianca-casos-de-sucesso-da-betmix\/\" aria-label=\"Read more about O Concreto que Constr\u00f3i Confian\u00e7a: Casos de Sucesso da Betmix\" tabindex=\"-1\" >\n\t\t\tLer Mais \u00bb\t\t<\/a>\n\n\t\t\t\t<\/div>\n\t\t\t\t\t<\/div>\n\t\t<\/article>\n\t\t\t\t<article class=\"elementor-post elementor-grid-item post-386 post type-post status-publish format-standard has-post-thumbnail hentry category-blog\" role=\"listitem\">\n\t\t\t<div class=\"elementor-post__card\">\n\t\t\t\t<a class=\"elementor-post__thumbnail__link\" href=\"https:\/\/fmd.techrock.com.br\/betmix\/como-a-logistica-eficiente-impacta-a-qualidade-do-concreto-na-obra\/\" tabindex=\"-1\" ><div class=\"elementor-post__thumbnail\"><img decoding=\"async\" width=\"300\" height=\"205\" src=\"https:\/\/fmd.techrock.com.br\/betmix\/wp-content\/uploads\/2025\/09\/imagem_2025-09-10_121032869-300x205.png\" class=\"attachment-medium size-medium wp-image-413\" alt=\"\" srcset=\"https:\/\/fmd.techrock.com.br\/betmix\/wp-content\/uploads\/2025\/09\/imagem_2025-09-10_121032869-300x205.png 300w, https:\/\/fmd.techrock.com.br\/betmix\/wp-content\/uploads\/2025\/09\/imagem_2025-09-10_121032869-768x525.png 768w, https:\/\/fmd.techrock.com.br\/betmix\/wp-content\/uploads\/2025\/09\/imagem_2025-09-10_121032869.png 860w\" sizes=\"(max-width: 300px) 100vw, 300px\" \/><\/div><\/a>\n\t\t\t\t<div class=\"elementor-post__text\">\n\t\t\t\t<h3 class=\"elementor-post__title\">\n\t\t\t<a href=\"https:\/\/fmd.techrock.com.br\/betmix\/como-a-logistica-eficiente-impacta-a-qualidade-do-concreto-na-obra\/\" >\n\t\t\t\tComo a Log\u00edstica Eficiente Impacta a Qualidade do Concreto na Obra\t\t\t<\/a>\n\t\t<\/h3>\n\t\t\t\t<div class=\"elementor-post__excerpt\">\n\t\t\t<p>A qualidade do concreto \u00e9 fundamental para o sucesso de qualquer obra, mas muitas vezes esquecemos que a log\u00edstica desempenha um papel crucial nesse processo.<\/p>\n\t\t<\/div>\n\t\t\n\t\t<a class=\"elementor-post__read-more\" href=\"https:\/\/fmd.techrock.com.br\/betmix\/como-a-logistica-eficiente-impacta-a-qualidade-do-concreto-na-obra\/\" aria-label=\"Read more about Como a Log\u00edstica Eficiente Impacta a Qualidade do Concreto na Obra\" tabindex=\"-1\" >\n\t\t\tLer Mais \u00bb\t\t<\/a>\n\n\t\t\t\t<\/div>\n\t\t\t\t\t<\/div>\n\t\t<\/article>\n\t\t\t\t<article class=\"elementor-post elementor-grid-item post-384 post type-post status-publish format-standard has-post-thumbnail hentry category-blog\" role=\"listitem\">\n\t\t\t<div class=\"elementor-post__card\">\n\t\t\t\t<a class=\"elementor-post__thumbnail__link\" href=\"https:\/\/fmd.techrock.com.br\/betmix\/dicas-para-escolher-o-concreto-certo-para-sua-obra\/\" tabindex=\"-1\" ><div class=\"elementor-post__thumbnail\"><img loading=\"lazy\" decoding=\"async\" width=\"300\" height=\"218\" src=\"https:\/\/fmd.techrock.com.br\/betmix\/wp-content\/uploads\/2025\/09\/imagem_2025-09-10_121116698-300x218.png\" class=\"attachment-medium size-medium wp-image-414\" alt=\"\" srcset=\"https:\/\/fmd.techrock.com.br\/betmix\/wp-content\/uploads\/2025\/09\/imagem_2025-09-10_121116698-300x218.png 300w, https:\/\/fmd.techrock.com.br\/betmix\/wp-content\/uploads\/2025\/09\/imagem_2025-09-10_121116698.png 743w\" sizes=\"(max-width: 300px) 100vw, 300px\" \/><\/div><\/a>\n\t\t\t\t<div class=\"elementor-post__text\">\n\t\t\t\t<h3 class=\"elementor-post__title\">\n\t\t\t<a href=\"https:\/\/fmd.techrock.com.br\/betmix\/dicas-para-escolher-o-concreto-certo-para-sua-obra\/\" >\n\t\t\t\tDicas para Escolher o Concreto Certo para Sua Obra\t\t\t<\/a>\n\t\t<\/h3>\n\t\t\t\t<div class=\"elementor-post__excerpt\">\n\t\t\t<p>Escolher o concreto ideal \u00e9 uma etapa essencial para garantir a qualidade e a seguran\u00e7a de qualquer projeto de constru\u00e7\u00e3o. Com tantas op\u00e7\u00f5es no mercado,<\/p>\n\t\t<\/div>\n\t\t\n\t\t<a class=\"elementor-post__read-more\" href=\"https:\/\/fmd.techrock.com.br\/betmix\/dicas-para-escolher-o-concreto-certo-para-sua-obra\/\" aria-label=\"Read more about Dicas para Escolher o Concreto Certo para Sua Obra\" tabindex=\"-1\" >\n\t\t\tLer Mais \u00bb\t\t<\/a>\n\n\t\t\t\t<\/div>\n\t\t\t\t\t<\/div>\n\t\t<\/article>\n\t\t\t\t<article class=\"elementor-post elementor-grid-item post-382 post type-post status-publish format-standard has-post-thumbnail hentry category-blog\" role=\"listitem\">\n\t\t\t<div class=\"elementor-post__card\">\n\t\t\t\t<a class=\"elementor-post__thumbnail__link\" href=\"https:\/\/fmd.techrock.com.br\/betmix\/tendencias-para-a-construcao-civil-em-2025-e-o-papel-do-concreto-na-sustentabilidade\/\" tabindex=\"-1\" ><div class=\"elementor-post__thumbnail\"><img loading=\"lazy\" decoding=\"async\" width=\"300\" height=\"204\" src=\"https:\/\/fmd.techrock.com.br\/betmix\/wp-content\/uploads\/2025\/09\/imagem_2025-09-10_122003401-300x204.png\" class=\"attachment-medium size-medium wp-image-415\" alt=\"\" srcset=\"https:\/\/fmd.techrock.com.br\/betmix\/wp-content\/uploads\/2025\/09\/imagem_2025-09-10_122003401-300x204.png 300w, https:\/\/fmd.techrock.com.br\/betmix\/wp-content\/uploads\/2025\/09\/imagem_2025-09-10_122003401-768x522.png 768w, https:\/\/fmd.techrock.com.br\/betmix\/wp-content\/uploads\/2025\/09\/imagem_2025-09-10_122003401.png 962w\" sizes=\"(max-width: 300px) 100vw, 300px\" \/><\/div><\/a>\n\t\t\t\t<div class=\"elementor-post__text\">\n\t\t\t\t<h3 class=\"elementor-post__title\">\n\t\t\t<a href=\"https:\/\/fmd.techrock.com.br\/betmix\/tendencias-para-a-construcao-civil-em-2025-e-o-papel-do-concreto-na-sustentabilidade\/\" >\n\t\t\t\tTend\u00eancias para a Constru\u00e7\u00e3o Civil em 2025 e o Papel do Concreto na Sustentabilidade\t\t\t<\/a>\n\t\t<\/h3>\n\t\t\t\t<div class=\"elementor-post__excerpt\">\n\t\t\t<p>A constru\u00e7\u00e3o civil est\u00e1 em constante evolu\u00e7\u00e3o, impulsionada por novas tecnologias e demandas ambientais. Em 2025, o setor promete avan\u00e7ar ainda mais, especialmente no que<\/p>\n\t\t<\/div>\n\t\t\n\t\t<a class=\"elementor-post__read-more\" href=\"https:\/\/fmd.techrock.com.br\/betmix\/tendencias-para-a-construcao-civil-em-2025-e-o-papel-do-concreto-na-sustentabilidade\/\" aria-label=\"Read more about Tend\u00eancias para a Constru\u00e7\u00e3o Civil em 2025 e o Papel do Concreto na Sustentabilidade\" tabindex=\"-1\" >\n\t\t\tLer Mais \u00bb\t\t<\/a>\n\n\t\t\t\t<\/div>\n\t\t\t\t\t<\/div>\n\t\t<\/article>\n\t\t\t\t<article class=\"elementor-post elementor-grid-item post-380 post type-post status-publish format-standard has-post-thumbnail hentry category-blog\" role=\"listitem\">\n\t\t\t<div class=\"elementor-post__card\">\n\t\t\t\t<a class=\"elementor-post__thumbnail__link\" href=\"https:\/\/fmd.techrock.com.br\/betmix\/giro-betmix-somos-presenca-confirmada\/\" tabindex=\"-1\" ><div class=\"elementor-post__thumbnail\"><img loading=\"lazy\" decoding=\"async\" width=\"300\" height=\"177\" src=\"https:\/\/fmd.techrock.com.br\/betmix\/wp-content\/uploads\/2025\/09\/imagem_2025-09-10_122112566-300x177.png\" class=\"attachment-medium size-medium wp-image-416\" alt=\"\" srcset=\"https:\/\/fmd.techrock.com.br\/betmix\/wp-content\/uploads\/2025\/09\/imagem_2025-09-10_122112566-300x177.png 300w, https:\/\/fmd.techrock.com.br\/betmix\/wp-content\/uploads\/2025\/09\/imagem_2025-09-10_122112566-1024x605.png 1024w, https:\/\/fmd.techrock.com.br\/betmix\/wp-content\/uploads\/2025\/09\/imagem_2025-09-10_122112566-768x453.png 768w, https:\/\/fmd.techrock.com.br\/betmix\/wp-content\/uploads\/2025\/09\/imagem_2025-09-10_122112566.png 1304w\" sizes=\"(max-width: 300px) 100vw, 300px\" \/><\/div><\/a>\n\t\t\t\t<div class=\"elementor-post__text\">\n\t\t\t\t<h3 class=\"elementor-post__title\">\n\t\t\t<a href=\"https:\/\/fmd.techrock.com.br\/betmix\/giro-betmix-somos-presenca-confirmada\/\" >\n\t\t\t\tGiro Betmix &#8211; Somos Presen\u00e7a Confirmada\t\t\t<\/a>\n\t\t<\/h3>\n\t\t\t\t<div class=\"elementor-post__excerpt\">\n\t\t\t<p>A Betmix Concreto \u00e9 muito mais do que uma fornecedora de concreto. Somos uma empresa com ra\u00edzes s\u00f3lidas em Betim e regi\u00e3o, reconhecida pela qualidade,<\/p>\n\t\t<\/div>\n\t\t\n\t\t<a class=\"elementor-post__read-more\" href=\"https:\/\/fmd.techrock.com.br\/betmix\/giro-betmix-somos-presenca-confirmada\/\" aria-label=\"Read more about Giro Betmix &#8211; Somos Presen\u00e7a Confirmada\" tabindex=\"-1\" >\n\t\t\tLer Mais \u00bb\t\t<\/a>\n\n\t\t\t\t<\/div>\n\t\t\t\t\t<\/div>\n\t\t<\/article>\n\t\t\t\t<\/div>\n\t\t\n\t\t\t\t\t\t<\/div>\n\t\t\t\t<\/div>\n\t\t\t\t\t<\/div>\n\t\t\t\t<\/div>\n\t\t\t\t<\/div>\n\t\t","protected":false},"excerpt":{"rendered":"<p>Blog<\/p>\n","protected":false},"author":1,"featured_media":0,"parent":0,"menu_order":0,"comment_status":"closed","ping_status":"closed","template":"elementor_header_footer","meta":{"footnotes":""},"class_list":["post-127","page","type-page","status-publish","hentry"],"_links":{"self":[{"href":"https:\/\/fmd.techrock.com.br\/betmix\/wp-json\/wp\/v2\/pages\/127","targetHints":{"allow":["GET"]}}],"collection":[{"href":"https:\/\/fmd.techrock.com.br\/betmix\/wp-json\/wp\/v2\/pages"}],"about":[{"href":"https:\/\/fmd.techrock.com.br\/betmix\/wp-json\/wp\/v2\/types\/page"}],"author":[{"embeddable":true,"href":"https:\/\/fmd.techrock.com.br\/betmix\/wp-json\/wp\/v2\/users\/1"}],"replies":[{"embeddable":true,"href":"https:\/\/fmd.techrock.com.br\/betmix\/wp-json\/wp\/v2\/comments?post=127"}],"version-history":[{"count":20,"href":"https:\/\/fmd.techrock.com.br\/betmix\/wp-json\/wp\/v2\/pages\/127\/revisions"}],"predecessor-version":[{"id":423,"href":"https:\/\/fmd.techrock.com.br\/betmix\/wp-json\/wp\/v2\/pages\/127\/revisions\/423"}],"wp:attachment":[{"href":"https:\/\/fmd.techrock.com.br\/betmix\/wp-json\/wp\/v2\/media?parent=127"}],"curies":[{"name":"wp","href":"https:\/\/api.w.org\/{rel}","templated":true}]}}